{"id":2628,"date":"2025-02-10T09:02:29","date_gmt":"2025-02-10T09:02:29","guid":{"rendered":"https:\/\/kraid.kirillkopolov.ee\/vorkaiad\/"},"modified":"2025-03-30T15:14:48","modified_gmt":"2025-03-30T15:14:48","slug":"zabor-setka","status":"publish","type":"page","link":"https:\/\/kraid.kirillkopolov.ee\/ru\/zabor-setka\/","title":{"rendered":"\u0417\u0430\u0431\u043e\u0440 \u0438\u0437 \u0441\u0435\u0442\u043a\u0438"},"content":{"rendered":"<p>[et_pb_section fb_built=&#187;1&#8243; specialty=&#187;on&#187; _builder_version=&#187;4.27.4&#8243; background_image=&#187;https:\/\/kraid.kirillkopolov.ee\/wp-content\/uploads\/2025\/02\/grid.png&#187; background_size=&#187;initial&#187; background_repeat=&#187;repeat&#187; global_colors_info=&#187;{}&#187;][et_pb_column type=&#187;3_4&#8243; specialty_columns=&#187;3&#8243; _builder_version=&#187;4.16&#8243; custom_padding=&#187;|||&#187; global_colors_info=&#187;{}&#187; custom_padding__hover=&#187;|||&#187;][et_pb_row_inner use_custom_gutter=&#187;on&#187; gutter_width=&#187;1&#8243; padding_top_bottom_link_2=&#187;true&#187; padding_left_right_link_2=&#187;true&#187; _builder_version=&#187;4.27.4&#8243; custom_margin_tablet=&#187;-50px||||false|false&#187; custom_margin_phone=&#187;-50px||||false|false&#187; custom_margin_last_edited=&#187;on|desktop&#187; custom_padding=&#187;0|0px|27px|0px|false|false&#187; animation_style=&#187;slide&#187; animation_direction=&#187;top&#187; animation_intensity_slide=&#187;20%&#187; locked=&#187;off&#187; global_colors_info=&#187;{}&#187;][et_pb_column_inner saved_specialty_column_type=&#187;3_4&#8243; _builder_version=&#187;4.16&#8243; custom_padding=&#187;|||&#187; global_colors_info=&#187;{}&#187; custom_padding__hover=&#187;|||&#187;][et_pb_text content_tablet=&#187;<\/p>\n<div style=%22display: flex; align-items: center; gap: 8px;%22>\n<p><img src=%22\/wp-content\/uploads\/2025\/03\/phone.png%22 alt=%22Phone Icon%22 width=%2245%22 \/><\/p>\n<h4 style=%22margin: 0;%22>Meie telefon: <span style=%22color: #000;%22>(+372) <b>55 94 70 94<\/b> <\/span>e-mail: <span><span style=%22color: #000;%22>info@kraid.ee<\/span><br \/>Me t\u00f6\u00f6tame iga p\u00e4ev 8-00 kuni 19-00.<\/span><\/h4>\n<\/div>\n<p>&#187; content_phone=&#187;<\/p>\n<div style=%22display: flex; align-items: center; gap: 8px;%22>\n<p><img src=%22\/wp-content\/uploads\/2025\/03\/phone.png%22 alt=%22Phone Icon%22 width=%2245%22 \/><\/p>\n<h4 style=%22margin: 0;%22>Meie telefon:<br \/><span style=%22color: #000;%22>(+372) <b>55 94 70 94<\/b> <\/span><br \/>e-mail: <span><span style=%22color: #000;%22>info@kraid.ee<\/span><br \/>Me t\u00f6\u00f6tame iga p\u00e4ev 8-00 kuni 19-00.<\/span><\/h4>\n<\/div>\n<p>&#187; content_last_edited=&#187;on|phone&#187; _builder_version=&#187;4.27.4&#8243; text_font=&#187;||||||||&#187; text_text_color=&#187;#b22222&#8243; ul_font=&#187;||||||||&#187; ol_font=&#187;||||||||&#187; quote_font=&#187;||||||||&#187; header_font=&#187;||||||||&#187; header_2_font=&#187;|600|||||||&#187; header_2_font_size=&#187;24px&#187; header_2_line_height=&#187;1.8em&#187; header_3_font=&#187;||||||||&#187; header_4_font=&#187;|600|||||||&#187; header_4_text_color=&#187;#b22222&#8243; header_4_letter_spacing=&#187;1px&#187; header_4_line_height=&#187;1.8em&#187; header_5_font=&#187;||||||||&#187; header_6_font=&#187;||||||||&#187; background_color=&#187;rgba(239,239,239,0.7)&#187; padding_1_last_edited=&#187;on|desktop&#187; custom_padding=&#187;30px|50px|30px|50px|true|true|20px|10%|20px|10%|true|true||on|desktop&#187; custom_padding_tablet=&#187;&#187; custom_padding_phone=&#187;20px|10%|20px|10%|true|true&#187; custom_padding_last_edited=&#187;on|phone&#187; header_2_font_size_tablet=&#187;&#187; header_2_font_size_phone=&#187;18px&#187; header_2_font_size_last_edited=&#187;on|phone&#187; header_4_font_tablet=&#187;|600||on|||||&#187; header_4_font_phone=&#187;|600||on|||||&#187; header_4_font_last_edited=&#187;on|desktop&#187; border_radii=&#187;off|||15px|15px&#187; box_shadow_style=&#187;preset3&#8243; locked=&#187;off&#187; global_colors_info=&#187;{}&#187;]<\/p>\n<div style=\"display: flex; align-items: center; gap: 8px;\">\n<p><img decoding=\"async\" src=\"\/wp-content\/uploads\/2025\/03\/phone.png\" alt=\"Phone Icon\" width=\"45\" \/><\/p>\n<h4 style=\"margin: 0;\">\u041d\u0430\u0448 \u0442\u0435\u043b\u0435\u0444\u043e\u043d: <span style=\"color: #000;\">(+372) <b>55 94 70 94<\/b> <\/span>e-mail: <span><span style=\"color: #000;\">info@kraid.ee<\/span><br \/>\u041c\u044b \u0440\u0430\u0431\u043e\u0442\u0430\u0435\u043c \u043a\u0430\u0436\u0434\u044b\u0439 \u0434\u0435\u043d\u044c \u0441 8-00 \u0434\u043e 19-00.<\/span><\/h4>\n<\/div>\n<p>[\/et_pb_text][\/et_pb_column_inner][\/et_pb_row_inner][et_pb_row_inner _builder_version=&#187;4.27.4&#8243; _module_preset=&#187;default&#187; global_colors_info=&#187;{}&#187;][et_pb_column_inner saved_specialty_column_type=&#187;3_4&#8243; _builder_version=&#187;4.27.4&#8243; _module_preset=&#187;default&#187; global_colors_info=&#187;{}&#187;][et_pb_text _builder_version=&#187;4.27.4&#8243; _module_preset=&#187;default&#187; header_text_color=&#187;#000000&#8243; custom_padding=&#187;0px|||0px|false|false&#187; global_colors_info=&#187;{}&#187;]<\/p>\n<h1 class=\"content-title\">\u0417\u0430\u0431\u043e\u0440\u044b \u0438\u0437 \u0441\u0435\u0442\u043a\u0438<\/h1>\n<div id=\"node-10\" class=\"node node-page\">\n<div class=\"node-body\">\n<div class=\"node-title clear-block\">\u0417\u0430\u0431\u043e\u0440 \u0438\u0437 \u0441\u0435\u0442\u043a\u0438 \u0432\u044b\u043f\u043e\u043b\u043d\u044f\u0435\u0442 \u043c\u0438\u043d\u0438\u043c\u0430\u043b\u044c\u043d\u044b\u0435 \u0444\u0443\u043d\u043a\u0446\u0438\u0438 \u0437\u0430\u0449\u0438\u0442\u044b. \u041f\u043e\u044d\u0442\u043e\u043c\u0443 \u0435\u0433\u043e \u0443\u0441\u0442\u0430\u043d\u0430\u0432\u043b\u0438\u0432\u0430\u044e\u0442, \u0432 \u043e\u0441\u043d\u043e\u0432\u043d\u043e\u043c, \u0432\u043d\u0443\u0442\u0440\u0438 \u0442\u0435\u0440\u0440\u0438\u0442\u043e\u0440\u0438\u0438, \u043c\u0435\u0436\u0434\u0443 \u0443\u0447\u0430\u0441\u0442\u043a\u0430\u043c\u0438. \u0422\u0430\u043a\u0436\u0435 \u0437\u0430\u0431\u043e\u0440\u044b \u0438\u0437 \u0441\u0435\u0442\u043a\u0438 \u0438\u0441\u043f\u043e\u043b\u044c\u0437\u0443\u044e\u0442 \u0432 \u043a\u0430\u0447\u0435\u0441\u0442\u0432\u0435 \u043e\u0433\u0440\u0430\u0436\u0434\u0435\u043d\u0438\u0439:<\/div>\n<div class=\"content\">\n<p>&#8212; \u043f\u0440\u043e\u043c\u044b\u0448\u043b\u0435\u043d\u043d\u044b\u0445 \u043e\u0431\u044a\u0435\u043a\u0442\u043e\u0432;<br \/>&#8212; \u0436\u0435\u043b\u0435\u0437\u043d\u044b\u0445, \u0430\u0432\u0442\u043e\u043c\u043e\u0431\u0438\u043b\u044c\u043d\u044b\u0445 \u0434\u043e\u0440\u043e\u0433;<br \/>&#8212; \u043f\u0430\u0440\u043a\u043e\u0432;<br \/>&#8212; \u043f\u0440\u043e\u043c\u044b\u0448\u043b\u0435\u043d\u043d\u044b\u0445 \u043e\u0431\u044a\u0435\u043a\u0442\u043e\u0432;<br \/>&#8212; \u0441\u043f\u043e\u0440\u0442\u0438\u0432\u043d\u044b\u0445 \u0442\u0435\u0440\u0440\u0438\u0442\u043e\u0440\u0438\u0439;<br \/>&#8212; \u0430\u0432\u0442\u043e\u0441\u0442\u043e\u044f\u043d\u043e\u043a;<br \/>&#8212; \u0441\u043a\u043b\u0430\u0434\u0441\u043a\u0438\u0445 \u0442\u0435\u0440\u0440\u0438\u0442\u043e\u0440\u0438\u0439.<\/p>\n<p>\u0412\u0441\u0435 \u0437\u0430\u0431\u043e\u0440\u044b \u0438\u0437 \u0441\u0435\u0442\u043a\u0438 \u0438\u043c\u0435\u044e\u0442 \u0432\u044b\u0441\u043e\u043a\u0443\u044e \u0446\u0432\u0435\u0442\u043e\u0432\u0443\u044e \u0441\u0442\u043e\u0439\u043a\u043e\u0441\u0442\u044c, \u0433\u0430\u0440\u0430\u043d\u0442\u0438\u044f \u043d\u0430 \u043f\u043e\u043a\u0440\u044b\u0442\u0438\u0435 \u2013 5 \u043b\u0435\u0442. \u041e\u043d\u0438 \u043d\u0435 \u0442\u0440\u0435\u0431\u0443\u044e\u0442 \u0434\u043e\u043f\u043e\u043b\u043d\u0438\u0442\u0435\u043b\u044c\u043d\u043e\u0433\u043e \u043e\u0431\u0441\u043b\u0443\u0436\u0438\u0432\u0430\u043d\u0438\u044f.<\/p>\n<p>\u042d\u043b\u0435\u043c\u0435\u043d\u0442\u044b \u043e\u0433\u0440\u0430\u0436\u0434\u0435\u043d\u0438\u0439 \u0438\u0437 \u0441\u0435\u0442\u043a\u0438 \u0438\u0437\u0433\u043e\u0442\u043e\u0432\u043b\u0435\u043d\u044b \u0438\u0437 \u0432\u044b\u0441\u043e\u043a\u043e\u043a\u0430\u0447\u0435\u0441\u0442\u0432\u0435\u043d\u043d\u043e\u0439 \u0441\u0442\u0430\u043b\u0438 \u043f\u0440\u043e\u043c\u044b\u0448\u043b\u0435\u043d\u043d\u044b\u043c \u043e\u0431\u0440\u0430\u0437\u043e\u043c, \u043e\u0446\u0438\u043d\u043a\u043e\u0432\u0430\u043d\u044b \u0438 \u043f\u043e\u043a\u0440\u044b\u0442\u044b \u043f\u043b\u0430\u0441\u0442\u0438\u043a\u043e\u043c (PVC \u043f\u043e\u043a\u0440\u044b\u0442\u0438\u0435). \u0426\u0432\u0435\u0442 \u043f\u043e\u043a\u0440\u044b\u0442\u0438\u044f \u2013 \u0442\u0451\u043c\u043d\u043e-\u0437\u0435\u043b\u0451\u043d\u044b\u0439.<br \/>\u0417\u0430\u0431\u043e\u0440 \u0438\u0437 \u0441\u0432\u0430\u0440\u043d\u043e\u0439 \u0441\u0435\u0442\u043a\u0438<\/p>\n<p>\u0417\u0430\u0431\u043e\u0440 \u0438\u0437 \u0441\u0432\u0430\u0440\u043d\u043e\u0439 \u0441\u0435\u0442\u043a\u0438 \u0434\u043e\u0441\u0442\u0430\u0442\u043e\u0447\u043d\u043e \u0431\u044b\u0441\u0442\u0440\u043e \u043c\u043e\u043d\u0442\u0438\u0440\u0443\u0435\u0442\u0441\u044f. \u0412\u044b\u0441\u043e\u0442\u0430 \u0437\u0430\u0431\u043e\u0440\u0430 1200-1800 \u043c\u043c. \u0422\u043e\u043b\u0449\u0438\u043d\u0430 \u043f\u0440\u043e\u0432\u043e\u043b\u043e\u043a\u0438 \u0438 \u0440\u0430\u0437\u043c\u0435\u0440 \u044f\u0447\u0435\u0435\u043a \u0432\u0430\u0440\u044c\u0438\u0440\u0443\u0435\u0442\u0441\u044f.<\/p>\n<h3>\u0417\u0430\u0431\u043e\u0440 \u0438\u0437 \u043f\u043b\u0435\u0442\u0451\u043d\u043e\u0439 \u0441\u0435\u0442\u043a\u0438 (\u0441\u0435\u0442\u043a\u0430-\u0440\u0430\u0431\u0438\u0446\u0430)<\/h3>\n<p>\u0412\u044b\u0441\u043e\u0442\u0430 \u0437\u0430\u0431\u043e\u0440\u0430 1500 \u043c\u043c. \u0428\u0438\u0440\u0438\u043d\u0430 \u043f\u0440\u043e\u043b\u0451\u0442\u0430 \u043c\u0435\u0436\u0434\u0443 \u0441\u0442\u043e\u043b\u0431\u0430\u043c\u0438 2,5 -2,7 \u043c. \u0422\u043e\u043b\u0449\u0438\u043d\u0430 \u043f\u0440\u043e\u0432\u043e\u043b\u043e\u043a\u0438 \u0438 \u0440\u0430\u0437\u043c\u0435\u0440 \u044f\u0447\u0435\u0435\u043a \u0432\u0430\u0440\u044c\u0438\u0440\u0443\u0435\u0442\u0441\u044f.<\/p>\n<h3>\u0417\u0430\u0431\u043e\u0440 \u0438\u0437 \u0441\u0432\u0430\u0440\u043d\u044b\u0445 \u043f\u0430\u043d\u0435\u043b\u0435\u0439<\/h3>\n<p>\u0412\u044b\u0441\u043e\u0442\u0430 \u0437\u0430\u0431\u043e\u0440\u0430 1200-2000 \u043c\u043c. \u0428\u0438\u0440\u0438\u043d\u0430 \u043f\u0430\u043d\u0435\u043b\u0435\u0439 2000-2500 \u043c\u043c. \u0414\u0438\u0430\u043c\u0435\u0442\u0440 \u043f\u0440\u0443\u0442\u043a\u0430 4 \u043c\u043c.<br \/>\u0416\u0451\u0441\u0442\u043a\u043e\u0441\u0442\u044c \u043f\u0430\u043d\u0435\u043b\u0435\u0439:<br \/>2D \u043f\u0430\u043d\u0435\u043b\u0438 \u0438\u043c\u0435\u044e\u0442 2 \u0440\u0435\u0431\u0440\u0430 \u0436\u0451\u0441\u0442\u043a\u043e\u0441\u0442\u0438, 3D \u043f\u0430\u043d\u0435\u043b\u0438 \u0438\u043c\u0435\u044e\u0442 3 \u0440\u0435\u0431\u0440\u0430 \u0436\u0451\u0441\u0442\u043a\u043e\u0441\u0442\u0438.<\/p>\n<\/div>\n<\/div>\n<\/div>\n<p>[\/et_pb_text][\/et_pb_column_inner][\/et_pb_row_inner][et_pb_row_inner _builder_version=&#187;4.27.4&#8243; _module_preset=&#187;default&#187; custom_margin=&#187;-10px||-9px||false|false&#187; global_colors_info=&#187;{}&#187;][et_pb_column_inner saved_specialty_column_type=&#187;3_4&#8243; _builder_version=&#187;4.27.4&#8243; _module_preset=&#187;default&#187; global_colors_info=&#187;{}&#187;][et_pb_image src=&#187;https:\/\/kraid.kirillkopolov.ee\/wp-content\/uploads\/2025\/03\/node_ornament.png&#187; title_text=&#187;node_ornament&#187; align=&#187;center&#187; _builder_version=&#187;4.27.4&#8243; _module_preset=&#187;default&#187; background_color=&#187;#FFFFFF&#187; global_colors_info=&#187;{}&#187;][\/et_pb_image][\/et_pb_column_inner][\/et_pb_row_inner][et_pb_row_inner _builder_version=&#187;4.27.4&#8243; _module_preset=&#187;default&#187; global_colors_info=&#187;{}&#187;][et_pb_column_inner saved_specialty_column_type=&#187;3_4&#8243; _builder_version=&#187;4.27.4&#8243; _module_preset=&#187;default&#187; global_colors_info=&#187;{}&#187;][et_pb_gallery gallery_ids=&#187;2617,2621,2623,2619,2615,2328,2318,2319,2320,2321,2322,2323,2324,2325,2327,2326&#8243; posts_number=&#187;12&#8243; show_title_and_caption=&#187;off&#187; _builder_version=&#187;4.27.4&#8243; _module_preset=&#187;default&#187; pagination_text_color=&#187;#0C71C3&#8243; width=&#187;100%&#187; global_colors_info=&#187;{}&#187;][\/et_pb_gallery][\/et_pb_column_inner][\/et_pb_row_inner][\/et_pb_column][et_pb_column type=&#187;1_4&#8243; _builder_version=&#187;4.16&#8243; custom_padding=&#187;|||&#187; global_colors_info=&#187;{}&#187; custom_padding__hover=&#187;|||&#187;][et_pb_sidebar orientation=&#187;right&#187; disabled_on=&#187;on|off|off&#187; _builder_version=&#187;4.27.4&#8243; header_font=&#187;|600|||||||&#187; header_text_color=&#187;#000000&#8243; custom_css_free_form=&#187;selector .current-menu-item a {||    color: #ffa500 !important;||}&#187; global_colors_info=&#187;{}&#187;][\/et_pb_sidebar][\/et_pb_column][\/et_pb_section]<\/p>\n","protected":false},"excerpt":{"rendered":"<p>\u041d\u0430\u0448 \u0442\u0435\u043b\u0435\u0444\u043e\u043d: (+372) 55 94 70 94 e-mail: info@kraid.ee\u041c\u044b \u0440\u0430\u0431\u043e\u0442\u0430\u0435\u043c \u043a\u0430\u0436\u0434\u044b\u0439 \u0434\u0435\u043d\u044c \u0441 8-00 \u0434\u043e 19-00. \u0417\u0430\u0431\u043e\u0440\u044b \u0438\u0437 \u0441\u0435\u0442\u043a\u0438 \u0417\u0430\u0431\u043e\u0440 \u0438\u0437 \u0441\u0435\u0442\u043a\u0438 \u0432\u044b\u043f\u043e\u043b\u043d\u044f\u0435\u0442 \u043c\u0438\u043d\u0438\u043c\u0430\u043b\u044c\u043d\u044b\u0435 \u0444\u0443\u043d\u043a\u0446\u0438\u0438 \u0437\u0430\u0449\u0438\u0442\u044b. \u041f\u043e\u044d\u0442\u043e\u043c\u0443 \u0435\u0433\u043e \u0443\u0441\u0442\u0430\u043d\u0430\u0432\u043b\u0438\u0432\u0430\u044e\u0442, \u0432 \u043e\u0441\u043d\u043e\u0432\u043d\u043e\u043c, \u0432\u043d\u0443\u0442\u0440\u0438 \u0442\u0435\u0440\u0440\u0438\u0442\u043e\u0440\u0438\u0438, \u043c\u0435\u0436\u0434\u0443 \u0443\u0447\u0430\u0441\u0442\u043a\u0430\u043c\u0438. \u0422\u0430\u043a\u0436\u0435 \u0437\u0430\u0431\u043e\u0440\u044b \u0438\u0437 \u0441\u0435\u0442\u043a\u0438 \u0438\u0441\u043f\u043e\u043b\u044c\u0437\u0443\u044e\u0442 \u0432 \u043a\u0430\u0447\u0435\u0441\u0442\u0432\u0435 \u043e\u0433\u0440\u0430\u0436\u0434\u0435\u043d\u0438\u0439: &#8212; \u043f\u0440\u043e\u043c\u044b\u0448\u043b\u0435\u043d\u043d\u044b\u0445 \u043e\u0431\u044a\u0435\u043a\u0442\u043e\u0432;- \u0436\u0435\u043b\u0435\u0437\u043d\u044b\u0445, \u0430\u0432\u0442\u043e\u043c\u043e\u0431\u0438\u043b\u044c\u043d\u044b\u0445 \u0434\u043e\u0440\u043e\u0433;- \u043f\u0430\u0440\u043a\u043e\u0432;- \u043f\u0440\u043e\u043c\u044b\u0448\u043b\u0435\u043d\u043d\u044b\u0445 \u043e\u0431\u044a\u0435\u043a\u0442\u043e\u0432;- \u0441\u043f\u043e\u0440\u0442\u0438\u0432\u043d\u044b\u0445 \u0442\u0435\u0440\u0440\u0438\u0442\u043e\u0440\u0438\u0439;- \u0430\u0432\u0442\u043e\u0441\u0442\u043e\u044f\u043d\u043e\u043a;- [&hellip;]<\/p>\n","protected":false},"author":1,"featured_media":0,"parent":0,"menu_order":0,"comment_status":"closed","ping_status":"closed","template":"","meta":{"_et_pb_use_builder":"on","_et_pb_old_content":"","_et_gb_content_width":"","footnotes":""},"class_list":["post-2628","page","type-page","status-publish","hentry"],"yoast_head":"<!-- This site is optimized with the Yoast SEO plugin v24.7 - https:\/\/yoast.com\/wordpress\/plugins\/seo\/ -->\n<title>\u0421\u0435\u0442\u0447\u0430\u0442\u044b\u0435 \u0437\u0430\u0431\u043e\u0440\u044b \u2014 \u0434\u043e\u0441\u0442\u0443\u043f\u043d\u043e\u0435 \u0438 \u043f\u0440\u043e\u0447\u043d\u043e\u0435 \u0440\u0435\u0448\u0435\u043d\u0438\u0435<\/title>\n<meta name=\"description\" content=\"\u0423\u0441\u0442\u0430\u043d\u0430\u0432\u043b\u0438\u0432\u0430\u0435\u043c \u043a\u0430\u0447\u0435\u0441\u0442\u0432\u0435\u043d\u043d\u044b\u0435 \u0441\u0435\u0442\u0447\u0430\u0442\u044b\u0435 \u0437\u0430\u0431\u043e\u0440\u044b: \u0441\u0432\u0430\u0440\u043d\u044b\u0435, \u043f\u043b\u0435\u0442\u0451\u043d\u044b\u0435 \u0438 \u043f\u0430\u043d\u0435\u043b\u044c\u043d\u044b\u0435. \u041e\u0442\u043b\u0438\u0447\u043d\u0430\u044f \u0441\u0442\u043e\u0439\u043a\u043e\u0441\u0442\u044c \u0446\u0432\u0435\u0442\u0430 \u0438 \u0433\u0430\u0440\u0430\u043d\u0442\u0438\u044f! \u0417\u0432\u043e\u043d\u0438\u0442\u0435: +372 55 94 70 94.\" \/>\n<meta name=\"robots\" content=\"index, follow, max-snippet:-1, max-image-preview:large, max-video-preview:-1\" \/>\n<link rel=\"canonical\" href=\"https:\/\/kraid.kirillkopolov.ee\/ru\/zabor-setka\/\" \/>\n<meta property=\"og:locale\" content=\"ru_RU\" \/>\n<meta property=\"og:type\" content=\"article\" \/>\n<meta property=\"og:title\" content=\"\u0421\u0435\u0442\u0447\u0430\u0442\u044b\u0435 \u0437\u0430\u0431\u043e\u0440\u044b \u2014 \u0434\u043e\u0441\u0442\u0443\u043f\u043d\u043e\u0435 \u0438 \u043f\u0440\u043e\u0447\u043d\u043e\u0435 \u0440\u0435\u0448\u0435\u043d\u0438\u0435\" \/>\n<meta property=\"og:description\" content=\"\u0423\u0441\u0442\u0430\u043d\u0430\u0432\u043b\u0438\u0432\u0430\u0435\u043c \u043a\u0430\u0447\u0435\u0441\u0442\u0432\u0435\u043d\u043d\u044b\u0435 \u0441\u0435\u0442\u0447\u0430\u0442\u044b\u0435 \u0437\u0430\u0431\u043e\u0440\u044b: \u0441\u0432\u0430\u0440\u043d\u044b\u0435, \u043f\u043b\u0435\u0442\u0451\u043d\u044b\u0435 \u0438 \u043f\u0430\u043d\u0435\u043b\u044c\u043d\u044b\u0435. \u041e\u0442\u043b\u0438\u0447\u043d\u0430\u044f \u0441\u0442\u043e\u0439\u043a\u043e\u0441\u0442\u044c \u0446\u0432\u0435\u0442\u0430 \u0438 \u0433\u0430\u0440\u0430\u043d\u0442\u0438\u044f! \u0417\u0432\u043e\u043d\u0438\u0442\u0435: +372 55 94 70 94.\" \/>\n<meta property=\"og:url\" content=\"https:\/\/kraid.kirillkopolov.ee\/ru\/zabor-setka\/\" \/>\n<meta property=\"og:site_name\" content=\"New Zone+ Application\" \/>\n<meta property=\"article:modified_time\" content=\"2025-03-30T15:14:48+00:00\" \/>\n<meta name=\"twitter:card\" content=\"summary_large_image\" \/>\n<meta name=\"twitter:label1\" content=\"Est. reading time\" \/>\n\t<meta name=\"twitter:data1\" content=\"5 \u043c\u0438\u043d\u0443\u0442\" \/>\n<script type=\"application\/ld+json\" class=\"yoast-schema-graph\">{\"@context\":\"https:\/\/schema.org\",\"@graph\":[{\"@type\":\"WebPage\",\"@id\":\"https:\/\/kraid.kirillkopolov.ee\/ru\/zabor-setka\/\",\"url\":\"https:\/\/kraid.kirillkopolov.ee\/ru\/zabor-setka\/\",\"name\":\"\u0421\u0435\u0442\u0447\u0430\u0442\u044b\u0435 \u0437\u0430\u0431\u043e\u0440\u044b \u2014 \u0434\u043e\u0441\u0442\u0443\u043f\u043d\u043e\u0435 \u0438 \u043f\u0440\u043e\u0447\u043d\u043e\u0435 \u0440\u0435\u0448\u0435\u043d\u0438\u0435\",\"isPartOf\":{\"@id\":\"https:\/\/kraid.kirillkopolov.ee\/ru\/#website\"},\"datePublished\":\"2025-02-10T09:02:29+00:00\",\"dateModified\":\"2025-03-30T15:14:48+00:00\",\"description\":\"\u0423\u0441\u0442\u0430\u043d\u0430\u0432\u043b\u0438\u0432\u0430\u0435\u043c \u043a\u0430\u0447\u0435\u0441\u0442\u0432\u0435\u043d\u043d\u044b\u0435 \u0441\u0435\u0442\u0447\u0430\u0442\u044b\u0435 \u0437\u0430\u0431\u043e\u0440\u044b: \u0441\u0432\u0430\u0440\u043d\u044b\u0435, \u043f\u043b\u0435\u0442\u0451\u043d\u044b\u0435 \u0438 \u043f\u0430\u043d\u0435\u043b\u044c\u043d\u044b\u0435. \u041e\u0442\u043b\u0438\u0447\u043d\u0430\u044f \u0441\u0442\u043e\u0439\u043a\u043e\u0441\u0442\u044c \u0446\u0432\u0435\u0442\u0430 \u0438 \u0433\u0430\u0440\u0430\u043d\u0442\u0438\u044f! \u0417\u0432\u043e\u043d\u0438\u0442\u0435: +372 55 94 70 94.\",\"breadcrumb\":{\"@id\":\"https:\/\/kraid.kirillkopolov.ee\/ru\/zabor-setka\/#breadcrumb\"},\"inLanguage\":\"ru-RU\",\"potentialAction\":[{\"@type\":\"ReadAction\",\"target\":[\"https:\/\/kraid.kirillkopolov.ee\/ru\/zabor-setka\/\"]}]},{\"@type\":\"BreadcrumbList\",\"@id\":\"https:\/\/kraid.kirillkopolov.ee\/ru\/zabor-setka\/#breadcrumb\",\"itemListElement\":[{\"@type\":\"ListItem\",\"position\":1,\"name\":\"Home\",\"item\":\"https:\/\/kraid.kirillkopolov.ee\/ru\/\"},{\"@type\":\"ListItem\",\"position\":2,\"name\":\"\u0417\u0430\u0431\u043e\u0440 \u0438\u0437 \u0441\u0435\u0442\u043a\u0438\"}]},{\"@type\":\"WebSite\",\"@id\":\"https:\/\/kraid.kirillkopolov.ee\/ru\/#website\",\"url\":\"https:\/\/kraid.kirillkopolov.ee\/ru\/\",\"name\":\"New Zone+ Application\",\"description\":\"Just another WordPress site\",\"potentialAction\":[{\"@type\":\"SearchAction\",\"target\":{\"@type\":\"EntryPoint\",\"urlTemplate\":\"https:\/\/kraid.kirillkopolov.ee\/ru\/?s={search_term_string}\"},\"query-input\":{\"@type\":\"PropertyValueSpecification\",\"valueRequired\":true,\"valueName\":\"search_term_string\"}}],\"inLanguage\":\"ru-RU\"}]}<\/script>\n<!-- \/ Yoast SEO plugin. -->","yoast_head_json":{"title":"\u0421\u0435\u0442\u0447\u0430\u0442\u044b\u0435 \u0437\u0430\u0431\u043e\u0440\u044b \u2014 \u0434\u043e\u0441\u0442\u0443\u043f\u043d\u043e\u0435 \u0438 \u043f\u0440\u043e\u0447\u043d\u043e\u0435 \u0440\u0435\u0448\u0435\u043d\u0438\u0435","description":"\u0423\u0441\u0442\u0430\u043d\u0430\u0432\u043b\u0438\u0432\u0430\u0435\u043c \u043a\u0430\u0447\u0435\u0441\u0442\u0432\u0435\u043d\u043d\u044b\u0435 \u0441\u0435\u0442\u0447\u0430\u0442\u044b\u0435 \u0437\u0430\u0431\u043e\u0440\u044b: \u0441\u0432\u0430\u0440\u043d\u044b\u0435, \u043f\u043b\u0435\u0442\u0451\u043d\u044b\u0435 \u0438 \u043f\u0430\u043d\u0435\u043b\u044c\u043d\u044b\u0435. \u041e\u0442\u043b\u0438\u0447\u043d\u0430\u044f \u0441\u0442\u043e\u0439\u043a\u043e\u0441\u0442\u044c \u0446\u0432\u0435\u0442\u0430 \u0438 \u0433\u0430\u0440\u0430\u043d\u0442\u0438\u044f! \u0417\u0432\u043e\u043d\u0438\u0442\u0435: +372 55 94 70 94.","robots":{"index":"index","follow":"follow","max-snippet":"max-snippet:-1","max-image-preview":"max-image-preview:large","max-video-preview":"max-video-preview:-1"},"canonical":"https:\/\/kraid.kirillkopolov.ee\/ru\/zabor-setka\/","og_locale":"ru_RU","og_type":"article","og_title":"\u0421\u0435\u0442\u0447\u0430\u0442\u044b\u0435 \u0437\u0430\u0431\u043e\u0440\u044b \u2014 \u0434\u043e\u0441\u0442\u0443\u043f\u043d\u043e\u0435 \u0438 \u043f\u0440\u043e\u0447\u043d\u043e\u0435 \u0440\u0435\u0448\u0435\u043d\u0438\u0435","og_description":"\u0423\u0441\u0442\u0430\u043d\u0430\u0432\u043b\u0438\u0432\u0430\u0435\u043c \u043a\u0430\u0447\u0435\u0441\u0442\u0432\u0435\u043d\u043d\u044b\u0435 \u0441\u0435\u0442\u0447\u0430\u0442\u044b\u0435 \u0437\u0430\u0431\u043e\u0440\u044b: \u0441\u0432\u0430\u0440\u043d\u044b\u0435, \u043f\u043b\u0435\u0442\u0451\u043d\u044b\u0435 \u0438 \u043f\u0430\u043d\u0435\u043b\u044c\u043d\u044b\u0435. \u041e\u0442\u043b\u0438\u0447\u043d\u0430\u044f \u0441\u0442\u043e\u0439\u043a\u043e\u0441\u0442\u044c \u0446\u0432\u0435\u0442\u0430 \u0438 \u0433\u0430\u0440\u0430\u043d\u0442\u0438\u044f! \u0417\u0432\u043e\u043d\u0438\u0442\u0435: +372 55 94 70 94.","og_url":"https:\/\/kraid.kirillkopolov.ee\/ru\/zabor-setka\/","og_site_name":"New Zone+ Application","article_modified_time":"2025-03-30T15:14:48+00:00","twitter_card":"summary_large_image","twitter_misc":{"Est. reading time":"5 \u043c\u0438\u043d\u0443\u0442"},"schema":{"@context":"https:\/\/schema.org","@graph":[{"@type":"WebPage","@id":"https:\/\/kraid.kirillkopolov.ee\/ru\/zabor-setka\/","url":"https:\/\/kraid.kirillkopolov.ee\/ru\/zabor-setka\/","name":"\u0421\u0435\u0442\u0447\u0430\u0442\u044b\u0435 \u0437\u0430\u0431\u043e\u0440\u044b \u2014 \u0434\u043e\u0441\u0442\u0443\u043f\u043d\u043e\u0435 \u0438 \u043f\u0440\u043e\u0447\u043d\u043e\u0435 \u0440\u0435\u0448\u0435\u043d\u0438\u0435","isPartOf":{"@id":"https:\/\/kraid.kirillkopolov.ee\/ru\/#website"},"datePublished":"2025-02-10T09:02:29+00:00","dateModified":"2025-03-30T15:14:48+00:00","description":"\u0423\u0441\u0442\u0430\u043d\u0430\u0432\u043b\u0438\u0432\u0430\u0435\u043c \u043a\u0430\u0447\u0435\u0441\u0442\u0432\u0435\u043d\u043d\u044b\u0435 \u0441\u0435\u0442\u0447\u0430\u0442\u044b\u0435 \u0437\u0430\u0431\u043e\u0440\u044b: \u0441\u0432\u0430\u0440\u043d\u044b\u0435, \u043f\u043b\u0435\u0442\u0451\u043d\u044b\u0435 \u0438 \u043f\u0430\u043d\u0435\u043b\u044c\u043d\u044b\u0435. \u041e\u0442\u043b\u0438\u0447\u043d\u0430\u044f \u0441\u0442\u043e\u0439\u043a\u043e\u0441\u0442\u044c \u0446\u0432\u0435\u0442\u0430 \u0438 \u0433\u0430\u0440\u0430\u043d\u0442\u0438\u044f! \u0417\u0432\u043e\u043d\u0438\u0442\u0435: +372 55 94 70 94.","breadcrumb":{"@id":"https:\/\/kraid.kirillkopolov.ee\/ru\/zabor-setka\/#breadcrumb"},"inLanguage":"ru-RU","potentialAction":[{"@type":"ReadAction","target":["https:\/\/kraid.kirillkopolov.ee\/ru\/zabor-setka\/"]}]},{"@type":"BreadcrumbList","@id":"https:\/\/kraid.kirillkopolov.ee\/ru\/zabor-setka\/#breadcrumb","itemListElement":[{"@type":"ListItem","position":1,"name":"Home","item":"https:\/\/kraid.kirillkopolov.ee\/ru\/"},{"@type":"ListItem","position":2,"name":"\u0417\u0430\u0431\u043e\u0440 \u0438\u0437 \u0441\u0435\u0442\u043a\u0438"}]},{"@type":"WebSite","@id":"https:\/\/kraid.kirillkopolov.ee\/ru\/#website","url":"https:\/\/kraid.kirillkopolov.ee\/ru\/","name":"New Zone+ Application","description":"Just another WordPress site","potentialAction":[{"@type":"SearchAction","target":{"@type":"EntryPoint","urlTemplate":"https:\/\/kraid.kirillkopolov.ee\/ru\/?s={search_term_string}"},"query-input":{"@type":"PropertyValueSpecification","valueRequired":true,"valueName":"search_term_string"}}],"inLanguage":"ru-RU"}]}},"_links":{"self":[{"href":"https:\/\/kraid.kirillkopolov.ee\/ru\/wp-json\/wp\/v2\/pages\/2628","targetHints":{"allow":["GET"]}}],"collection":[{"href":"https:\/\/kraid.kirillkopolov.ee\/ru\/wp-json\/wp\/v2\/pages"}],"about":[{"href":"https:\/\/kraid.kirillkopolov.ee\/ru\/wp-json\/wp\/v2\/types\/page"}],"author":[{"embeddable":true,"href":"https:\/\/kraid.kirillkopolov.ee\/ru\/wp-json\/wp\/v2\/users\/1"}],"replies":[{"embeddable":true,"href":"https:\/\/kraid.kirillkopolov.ee\/ru\/wp-json\/wp\/v2\/comments?post=2628"}],"version-history":[{"count":7,"href":"https:\/\/kraid.kirillkopolov.ee\/ru\/wp-json\/wp\/v2\/pages\/2628\/revisions"}],"predecessor-version":[{"id":2755,"href":"https:\/\/kraid.kirillkopolov.ee\/ru\/wp-json\/wp\/v2\/pages\/2628\/revisions\/2755"}],"wp:attachment":[{"href":"https:\/\/kraid.kirillkopolov.ee\/ru\/wp-json\/wp\/v2\/media?parent=2628"}],"curies":[{"name":"wp","href":"https:\/\/api.w.org\/{rel}","templated":true}]}}